{"id":1125,"date":"2022-12-01T17:58:48","date_gmt":"2022-12-01T20:58:48","guid":{"rendered":"https:\/\/isfdyt242-bue.infd.edu.ar\/sitio\/?page_id=1125"},"modified":"2024-12-27T11:23:49","modified_gmt":"2024-12-27T14:23:49","slug":"inscripciones-2025","status":"publish","type":"page","link":"https:\/\/isfdyt242-bue.infd.edu.ar\/sitio\/inscripciones-2025\/","title":{"rendered":"INSCRIPCIONES 2025"},"content":{"rendered":"\n<figure class=\"wp-block-table\"><table><tbody><tr><td><\/td><\/tr><\/tbody><\/table><\/figure>\n\n\n\n<p><strong>PASO 1)OBLIGATORIA (Completar Ficha de Inscripci\u00f3n del ISFDyT 242).<\/strong><\/p>\n\n\n\n<p><a href=\"https:\/\/drive.google.com\/file\/d\/1dWh-LK490jw7xGvGQwAtG7sdKFNcof_g\/view?usp=drive_link\" data-type=\"URL\" data-id=\"https:\/\/drive.google.com\/file\/d\/1dWh-LK490jw7xGvGQwAtG7sdKFNcof_g\/view?usp=drive_link\">Ficha de Inscripci\u00f3n<\/a><\/p>\n\n\n\n<p><strong>PASO 2) Adjuntar, la siguiente documentaci\u00f3n:<\/strong><\/p>\n\n\n\n<ol type=\"1\">\n<li><strong>D.N.I.:<\/strong> 1 (Una) Imagen de frente y dorso. <strong>&nbsp;<\/strong><\/li>\n\n\n\n<li><strong>Constancia de CUIL<\/strong><\/li>\n\n\n\n<li><strong>T\u00edtulo o constancia de t\u00edtulo en tr\u00e1mite o constancia de finalizaci\u00f3n de cursada.&nbsp;<\/strong><\/li>\n\n\n\n<li><strong>2 Fotos 4 x 4<\/strong><\/li>\n<\/ol>\n\n\n\n<p><strong>PASO 3) Titulo de Escuela Secundaria o constancia<\/strong><\/p>\n\n\n\n<ol type=\"1\">\n<li><strong><u>REGISTRO DE TITULO SECUNDARIO: <\/u><\/strong><a href=\"http:\/\/abc.gov.ar\/tramites\/registro-de-t%C3%ADtulos\">HACER CLIC PARA LEER LA INFORMACI\u00d3N SOBRE EL REGISTRO DE T\u00cdTULOS.<\/a> Traer una fotocopia del t\u00edtulo registrado autenticada en el Consejo Escolar de su distrito.&nbsp;<\/li>\n\n\n\n<li><strong><u>CERTIFICACI\u00d3N DE LA FOTOCOPIA DEL T\u00cdTULO:<\/u><\/strong> En el caso de que su Consejo Escolar no certifique la fotocopia su t\u00edtulo, podr\u00e1 presentar el t\u00edtulo original y una fotocopia para que una autoridad competente de la Instituci\u00f3n lo realice.<\/li>\n\n\n\n<li><strong><u>LEGALIZACI\u00d3N:<\/u><\/strong> Para t\u00edtulos secundarios y terciarios emitidos a partir del 1 de Enero de 2010, no ser\u00e1 necesario realizar la legalizaci\u00f3n en el Ministerio del Interior.&nbsp;<\/li>\n<\/ol>\n\n\n\n<p><\/p>\n\n\n\n<p><\/p>\n\n\n\n<p class=\"has-large-font-size\">\u2014\u2014-&gt;&nbsp;<a href=\"https:\/\/drive.google.com\/file\/d\/1UEz2tXjZV9dVDZCUb4hb6SBroKYHhmh-\/view?usp=sharing\" data-type=\"URL\" data-id=\"https:\/\/drive.google.com\/file\/d\/1UEz2tXjZV9dVDZCUb4hb6SBroKYHhmh-\/view?usp=sharing\">DESCARGAR GU\u00cdA COMPLETA DE INSCRIPCI\u00d3N<\/a><a href=\"https:\/\/drive.google.com\/file\/d\/1emEG7fB2rHmWCFdPs5ia368BF3alUTno\/view?usp=share_link\" data-type=\"URL\" data-id=\"https:\/\/drive.google.com\/file\/d\/1emEG7fB2rHmWCFdPs5ia368BF3alUTno\/view?usp=share_link\">&nbsp;<\/a>&lt;\u2014\u2014\u2013<\/p>\n","protected":false},"excerpt":{"rendered":"<p>PASO 1)OBLIGATORIA (Completar Ficha de Inscripci\u00f3n del ISFDyT 242). Ficha de Inscripci\u00f3n PASO 2) Adjuntar, la siguiente documentaci\u00f3n: PASO 3) Titulo de Escuela Secundaria o constancia \u2014\u2014-&gt;&nbsp;DESCARGAR GU\u00cdA COMPLETA DE INSCRIPCI\u00d3N&nbsp;&lt;\u2014\u2014\u2013<\/p>\n","protected":false},"author":12,"featured_media":0,"parent":0,"menu_order":0,"comment_status":"closed","ping_status":"closed","template":"","meta":[],"acf":[],"_links":{"self":[{"href":"https:\/\/isfdyt242-bue.infd.edu.ar\/sitio\/wp-json\/wp\/v2\/pages\/1125"}],"collection":[{"href":"https:\/\/isfdyt242-bue.infd.edu.ar\/sitio\/wp-json\/wp\/v2\/pages"}],"about":[{"href":"https:\/\/isfdyt242-bue.infd.edu.ar\/sitio\/wp-json\/wp\/v2\/types\/page"}],"author":[{"embeddable":true,"href":"https:\/\/isfdyt242-bue.infd.edu.ar\/sitio\/wp-json\/wp\/v2\/users\/12"}],"replies":[{"embeddable":true,"href":"https:\/\/isfdyt242-bue.infd.edu.ar\/sitio\/wp-json\/wp\/v2\/comments?post=1125"}],"version-history":[{"count":17,"href":"https:\/\/isfdyt242-bue.infd.edu.ar\/sitio\/wp-json\/wp\/v2\/pages\/1125\/revisions"}],"predecessor-version":[{"id":1371,"href":"https:\/\/isfdyt242-bue.infd.edu.ar\/sitio\/wp-json\/wp\/v2\/pages\/1125\/revisions\/1371"}],"wp:attachment":[{"href":"https:\/\/isfdyt242-bue.infd.edu.ar\/sitio\/wp-json\/wp\/v2\/media?parent=1125"}],"curies":[{"name":"wp","href":"https:\/\/api.w.org\/{rel}","templated":true}]}}