{"id":1190,"date":"2023-01-21T09:44:00","date_gmt":"2023-01-21T12:44:00","guid":{"rendered":"https:\/\/isfdyt242-bue.infd.edu.ar\/sitio\/?page_id=1190"},"modified":"2023-01-21T10:55:57","modified_gmt":"2023-01-21T13:55:57","slug":"proceso-de-designaciones-de-horas-cargos","status":"publish","type":"page","link":"https:\/\/isfdyt242-bue.infd.edu.ar\/sitio\/proceso-de-designaciones-de-horas-cargos\/","title":{"rendered":"Proceso de Designaciones de Horas\/Cargos"},"content":{"rendered":"\n<figure class=\"wp-block-image size-full is-resized\"><img decoding=\"async\" loading=\"lazy\" src=\"https:\/\/isfdyt242-bue.infd.edu.ar\/sitio\/wp-content\/uploads\/2023\/01\/image.jpeg\" alt=\"\" class=\"wp-image-1210\" width=\"595\" height=\"333\"\/><\/figure>\n\n\n\n<p>Desde el inicio de este Ciclo Lectivo, hemos recibido indicaciones de SAD Navarro sobre c\u00f3mo se realizar\u00e1n las designaciones de las c\u00e1tedras.<br>Les explicaremos brevemente el sistema, y compartimos con Uds para que puedan interiorizarse sobre el manejo de los Actos P\u00fablicos <br>1) Una vez realizadas todas las etapas de la RM 5886\/03 (evaluaci\u00f3n de propuestas, entrevistas, etc.) se confecciona el orden de m\u00e9rito para notificaci\u00f3n de los\/as postulantes<br>2) Una vez notificados todos\/as los\/as postulantes, se env\u00eda la solicitud de designaci\u00f3n a SAD junto con copia del Orden de M\u00e9rito<br>3) SAD enviar\u00e1 un mail a cada merituado para notificar la fecha y horario en que se realizar\u00e1 el Acto P\u00fablico.<br>4) SAD Navarro env\u00eda a cada docente  n\u00famero de IGE (identificaci\u00f3n) , para que  Uds.  luego no los reenv\u00eden.<br>5) Todos los postulantes que figuran en el orden de m\u00e9rito deben notificarse del Acto P\u00fablico y asistir. Aquel que no lo haga no ser\u00e1 tenido en cuenta para la designaci\u00f3n, que siempre seguir\u00e1 el orden de m\u00e9rito.<br>6) Una vez que se hayan notificado, y al terminar el per\u00edodo de notificaci\u00f3n,  que es de 24 hs., tanto la instituci\u00f3n como Uds. recibir\u00e1n notificaci\u00f3n de designaci\u00f3n en sus correos electr\u00f3nicos.<br>7) IMPORTANTE: Deben presentar en la instituci\u00f3n Declaraci\u00f3n Jurada de Cargos o actualizaci\u00f3n de la misma seg\u00fan corresponda.<br><\/p>\n","protected":false},"excerpt":{"rendered":"<p>Desde el inicio de este Ciclo Lectivo, hemos recibido indicaciones de SAD Navarro sobre c\u00f3mo se realizar\u00e1n las designaciones de las c\u00e1tedras.Les explicaremos brevemente el sistema, y compartimos con Uds para que puedan interiorizarse sobre el manejo de los Actos P\u00fablicos 1) Una vez realizadas todas las etapas de la RM 5886\/03 (evaluaci\u00f3n de propuestas, &#8230; <a title=\"Proceso de Designaciones de Horas\/Cargos\" class=\"read-more\" href=\"https:\/\/isfdyt242-bue.infd.edu.ar\/sitio\/proceso-de-designaciones-de-horas-cargos\/\" aria-label=\"More on Proceso de Designaciones de Horas\/Cargos\">[+]<\/a><\/p>\n","protected":false},"author":12,"featured_media":0,"parent":0,"menu_order":0,"comment_status":"closed","ping_status":"closed","template":"","meta":[],"acf":[],"_links":{"self":[{"href":"https:\/\/isfdyt242-bue.infd.edu.ar\/sitio\/wp-json\/wp\/v2\/pages\/1190"}],"collection":[{"href":"https:\/\/isfdyt242-bue.infd.edu.ar\/sitio\/wp-json\/wp\/v2\/pages"}],"about":[{"href":"https:\/\/isfdyt242-bue.infd.edu.ar\/sitio\/wp-json\/wp\/v2\/types\/page"}],"author":[{"embeddable":true,"href":"https:\/\/isfdyt242-bue.infd.edu.ar\/sitio\/wp-json\/wp\/v2\/users\/12"}],"replies":[{"embeddable":true,"href":"https:\/\/isfdyt242-bue.infd.edu.ar\/sitio\/wp-json\/wp\/v2\/comments?post=1190"}],"version-history":[{"count":2,"href":"https:\/\/isfdyt242-bue.infd.edu.ar\/sitio\/wp-json\/wp\/v2\/pages\/1190\/revisions"}],"predecessor-version":[{"id":1212,"href":"https:\/\/isfdyt242-bue.infd.edu.ar\/sitio\/wp-json\/wp\/v2\/pages\/1190\/revisions\/1212"}],"wp:attachment":[{"href":"https:\/\/isfdyt242-bue.infd.edu.ar\/sitio\/wp-json\/wp\/v2\/media?parent=1190"}],"curies":[{"name":"wp","href":"https:\/\/api.w.org\/{rel}","templated":true}]}}