{"id":1193,"date":"2023-01-21T09:59:56","date_gmt":"2023-01-21T12:59:56","guid":{"rendered":"https:\/\/isfdyt242-bue.infd.edu.ar\/sitio\/?page_id=1193"},"modified":"2023-01-21T10:06:38","modified_gmt":"2023-01-21T13:06:38","slug":"apto-fonoaudiologico","status":"publish","type":"page","link":"https:\/\/isfdyt242-bue.infd.edu.ar\/sitio\/apto-fonoaudiologico\/","title":{"rendered":"APTO FONOAUDIOL\u00d3GICO"},"content":{"rendered":"\n<figure class=\"wp-block-image\"><img decoding=\"async\" src=\"https:\/\/isfdyt43-bue.infd.edu.ar\/sitio\/wp-content\/uploads\/2022\/04\/diagnostico_Fonoaudiologico.jpg\" alt=\"\"\/><\/figure>\n\n\n\n<p>El Dise\u00f1o Curricular prev\u00e9 instancias para asegurar el desarrollo satisfactorio de sus Pr\u00e1cticas en cuanto a la comunicaci\u00f3n oral, la voz y su articulaci\u00f3n y para garantizar la salud e idoneidad fonoaudiol\u00f3gica de los y las docentes en formaci\u00f3n.<br>En este sentido, en los Institutos de Formaci\u00f3n Docente se asegurar\u00e1 la prevenci\u00f3n primaria fonoaudiol\u00f3gica desde el alumno ingresante a trav\u00e9s del examen de aptitud, que tendr\u00e1 por objetivos:<br>-relevar informaci\u00f3n respecto de los ingresantes en las carreras de Formaci\u00f3n Docente de Grado, para detectar los posibles trastornos en la salud fonoaudiol\u00f3gica;<br>-orientar la ejercitaci\u00f3n tendiente a la correcci\u00f3n de malos h\u00e1bitos de fonaci\u00f3n;<br>-detectar las patolog\u00edas y efectuar las derivaciones pertinentes al profesional m\u00e9dico especializado y al fonoaudi\u00f3logo para su tratamiento;<br>-supervisar y registrar, a partir del seguimiento de los casos, el proceso de recuperaci\u00f3n.<br>Para la concreci\u00f3n de estas tareas, se asignar\u00e1n dos m\u00f3dulos semanales cada dos grupos de alumnos del primer a\u00f1o, a un profesional de la especialidad que ingresar\u00e1 por Listado, seg\u00fan art\u00edculo 108o del Estatuto del Docente. Concluido el relevamiento inicial y realizadas las derivaciones necesarias, se iniciar\u00e1n las actividades de ejercitaci\u00f3n agrupando a los alumnos seg\u00fan sus necesidades correctivas.<br>En el segundo a\u00f1o de las Carreras, antes de acceder a la Pr\u00e1ctica Docente frente a alumnos, deber\u00e1 contarse con la certificaci\u00f3n de la salud y aptitud referida, emitida por un fonoaudi\u00f3logo\/a. Esta certificaci\u00f3n de Aptitud Fonoaudiol\u00f3gica tendr\u00e1 el car\u00e1cter de condici\u00f3n excluyente para la Pr\u00e1ctica mencionada.<\/p>\n\n\n\n<p><strong>Paso a seguir:<\/strong><br>1) Realizar interconsulta con ORL (Otorrinolaring\u00f3logo) y traer constancia de la misma (sea una instituci\u00f3n privada o p\u00fablica) realizar este tr\u00e1mite a la brevedad para obtener dicho certificado.<\/p>\n\n\n\n<p>2) Realizar consulta con Fonoaudi\u00f3loga\/o y traer a la Instituci\u00f3n la Ficha Foni\u00e1trica Completa (Sea una instituci\u00f3n privada o p\u00fablica) realizar este tr\u00e1mite a la brevedad.<\/p>\n\n\n\n<p><strong>Correo electr\u00f3nico:<\/strong><br>consultas242navarro@gmail.com<\/p>\n\n\n\n<p><strong>Documentaci\u00f3n a presentar en el momento de la cita con la fonoaudi\u00f3loga de la instituci\u00f3n:<\/strong><br>-Certificado del ORL<br>\u2013<a rel=\"noreferrer noopener\" href=\"https:\/\/drive.google.com\/file\/d\/1S0rgTDx_lVoBkLebwGkyYbuPyM01wtCD\/view?usp=share_link\" data-type=\"URL\" data-id=\"https:\/\/drive.google.com\/file\/d\/1S0rgTDx_lVoBkLebwGkyYbuPyM01wtCD\/view?usp=share_link\" target=\"_blank\">Ficha foniatrica<\/a><br>\u2013<a href=\"https:\/\/drive.google.com\/file\/d\/1dDYYcNjCStc-v0MyCoJ8uzpAFz2ok8v5\/view?usp=share_link\" data-type=\"URL\" data-id=\"https:\/\/drive.google.com\/file\/d\/1dDYYcNjCStc-v0MyCoJ8uzpAFz2ok8v5\/view?usp=share_link\" target=\"_blank\" rel=\"noreferrer noopener\">Constancia de aptitud fonoaudiologica<\/a><\/p>\n","protected":false},"excerpt":{"rendered":"<p>El Dise\u00f1o Curricular prev\u00e9 instancias para asegurar el desarrollo satisfactorio de sus Pr\u00e1cticas en cuanto a la comunicaci\u00f3n oral, la voz y su articulaci\u00f3n y para garantizar la salud e idoneidad fonoaudiol\u00f3gica de los y las docentes en formaci\u00f3n.En este sentido, en los Institutos de Formaci\u00f3n Docente se asegurar\u00e1 la prevenci\u00f3n primaria fonoaudiol\u00f3gica desde el &#8230; <a title=\"APTO FONOAUDIOL\u00d3GICO\" class=\"read-more\" href=\"https:\/\/isfdyt242-bue.infd.edu.ar\/sitio\/apto-fonoaudiologico\/\" aria-label=\"More on APTO FONOAUDIOL\u00d3GICO\">[+]<\/a><\/p>\n","protected":false},"author":12,"featured_media":0,"parent":0,"menu_order":0,"comment_status":"closed","ping_status":"closed","template":"","meta":[],"acf":[],"_links":{"self":[{"href":"https:\/\/isfdyt242-bue.infd.edu.ar\/sitio\/wp-json\/wp\/v2\/pages\/1193"}],"collection":[{"href":"https:\/\/isfdyt242-bue.infd.edu.ar\/sitio\/wp-json\/wp\/v2\/pages"}],"about":[{"href":"https:\/\/isfdyt242-bue.infd.edu.ar\/sitio\/wp-json\/wp\/v2\/types\/page"}],"author":[{"embeddable":true,"href":"https:\/\/isfdyt242-bue.infd.edu.ar\/sitio\/wp-json\/wp\/v2\/users\/12"}],"replies":[{"embeddable":true,"href":"https:\/\/isfdyt242-bue.infd.edu.ar\/sitio\/wp-json\/wp\/v2\/comments?post=1193"}],"version-history":[{"count":2,"href":"https:\/\/isfdyt242-bue.infd.edu.ar\/sitio\/wp-json\/wp\/v2\/pages\/1193\/revisions"}],"predecessor-version":[{"id":1196,"href":"https:\/\/isfdyt242-bue.infd.edu.ar\/sitio\/wp-json\/wp\/v2\/pages\/1193\/revisions\/1196"}],"wp:attachment":[{"href":"https:\/\/isfdyt242-bue.infd.edu.ar\/sitio\/wp-json\/wp\/v2\/media?parent=1193"}],"curies":[{"name":"wp","href":"https:\/\/api.w.org\/{rel}","templated":true}]}}