{"id":1206,"date":"2023-01-21T10:31:24","date_gmt":"2023-01-21T13:31:24","guid":{"rendered":"https:\/\/isfdyt242-bue.infd.edu.ar\/sitio\/?page_id=1206"},"modified":"2023-01-21T10:31:25","modified_gmt":"2023-01-21T13:31:25","slug":"notificaciones-y-entrevistas","status":"publish","type":"page","link":"https:\/\/isfdyt242-bue.infd.edu.ar\/sitio\/notificaciones-y-entrevistas\/","title":{"rendered":"NOTIFICACIONES Y ENTREVISTAS"},"content":{"rendered":"\n<figure class=\"wp-block-image\"><img decoding=\"async\" src=\"https:\/\/isfdyt43-bue.infd.edu.ar\/sitio\/wp-content\/uploads\/2018\/07\/Concurso.jpg\" alt=\"Concurso\"\/><\/figure>\n\n\n\n<p><strong>Notificaciones y Entrevistas<\/strong><\/p>\n\n\n\n<p>NOTIFICACI\u00d3N DE PUNTAJES Y ENTREVISTAS:<\/p>\n\n\n\n<p>Se notifica a los Docentes Postulantes a cobertura por 5886\/03 de las ASIGNATURAS que se listan a continuaci\u00f3n, que&nbsp; la notificaci\u00f3n de puntajes y la entrevista ser\u00e1n el mismo d\u00eda con diferencia horaria.<\/p>\n\n\n\n<p>Lugar: Direcci\u00f3n del Instituto \u2013Navarro<\/p>\n\n\n\n<p><strong>Publicado: \u2014<\/strong><\/p>\n","protected":false},"excerpt":{"rendered":"<p>Notificaciones y Entrevistas NOTIFICACI\u00d3N DE PUNTAJES Y ENTREVISTAS: Se notifica a los Docentes Postulantes a cobertura por 5886\/03 de las ASIGNATURAS que se listan a continuaci\u00f3n, que&nbsp; la notificaci\u00f3n de puntajes y la entrevista ser\u00e1n el mismo d\u00eda con diferencia horaria. Lugar: Direcci\u00f3n del Instituto \u2013Navarro Publicado: \u2014<\/p>\n","protected":false},"author":12,"featured_media":0,"parent":0,"menu_order":0,"comment_status":"closed","ping_status":"closed","template":"","meta":[],"acf":[],"_links":{"self":[{"href":"https:\/\/isfdyt242-bue.infd.edu.ar\/sitio\/wp-json\/wp\/v2\/pages\/1206"}],"collection":[{"href":"https:\/\/isfdyt242-bue.infd.edu.ar\/sitio\/wp-json\/wp\/v2\/pages"}],"about":[{"href":"https:\/\/isfdyt242-bue.infd.edu.ar\/sitio\/wp-json\/wp\/v2\/types\/page"}],"author":[{"embeddable":true,"href":"https:\/\/isfdyt242-bue.infd.edu.ar\/sitio\/wp-json\/wp\/v2\/users\/12"}],"replies":[{"embeddable":true,"href":"https:\/\/isfdyt242-bue.infd.edu.ar\/sitio\/wp-json\/wp\/v2\/comments?post=1206"}],"version-history":[{"count":1,"href":"https:\/\/isfdyt242-bue.infd.edu.ar\/sitio\/wp-json\/wp\/v2\/pages\/1206\/revisions"}],"predecessor-version":[{"id":1207,"href":"https:\/\/isfdyt242-bue.infd.edu.ar\/sitio\/wp-json\/wp\/v2\/pages\/1206\/revisions\/1207"}],"wp:attachment":[{"href":"https:\/\/isfdyt242-bue.infd.edu.ar\/sitio\/wp-json\/wp\/v2\/media?parent=1206"}],"curies":[{"name":"wp","href":"https:\/\/api.w.org\/{rel}","templated":true}]}}