{"id":1310,"date":"2023-12-22T12:27:31","date_gmt":"2023-12-22T15:27:31","guid":{"rendered":"https:\/\/isfdyt242-bue.infd.edu.ar\/sitio\/?page_id=1310"},"modified":"2023-12-22T12:27:32","modified_gmt":"2023-12-22T15:27:32","slug":"tec-superior-en-administracion-agropecuaria","status":"publish","type":"page","link":"https:\/\/isfdyt242-bue.infd.edu.ar\/sitio\/tec-superior-en-administracion-agropecuaria\/","title":{"rendered":"Tec. Superior en Administraci\u00f3n Agropecuaria"},"content":{"rendered":"\n<figure class=\"wp-block-image size-full\"><img decoding=\"async\" loading=\"lazy\" width=\"1135\" height=\"1600\" src=\"https:\/\/isfdyt242-bue.infd.edu.ar\/sitio\/wp-content\/uploads\/2023\/12\/WhatsApp-Image-2023-12-20-at-16.47.54.jpeg\" alt=\"\" class=\"wp-image-1311\" srcset=\"https:\/\/isfdyt242-bue.infd.edu.ar\/sitio\/wp-content\/uploads\/2023\/12\/WhatsApp-Image-2023-12-20-at-16.47.54.jpeg 1135w, https:\/\/isfdyt242-bue.infd.edu.ar\/sitio\/wp-content\/uploads\/2023\/12\/WhatsApp-Image-2023-12-20-at-16.47.54-709x1000.jpeg 709w, https:\/\/isfdyt242-bue.infd.edu.ar\/sitio\/wp-content\/uploads\/2023\/12\/WhatsApp-Image-2023-12-20-at-16.47.54-768x1083.jpeg 768w, https:\/\/isfdyt242-bue.infd.edu.ar\/sitio\/wp-content\/uploads\/2023\/12\/WhatsApp-Image-2023-12-20-at-16.47.54-1090x1536.jpeg 1090w\" sizes=\"(max-width: 1135px) 100vw, 1135px\" \/><figcaption class=\"wp-element-caption\"><strong>DURACION 3 a\u00f1os<\/strong><br><strong>Carrera de Ciclo Cerrado<\/strong><br><strong>REQUISITOS DE INGRESO: T\u00edtulo del Nivel Medio o Polimodal.<\/strong><br><strong>Resoluci\u00f3n N\u00b0\u00a0<a href=\"https:\/\/drive.google.com\/file\/d\/1nM5YaxS2JoZcKh8LjoIG8ZyYziqpD9Gb\/view?usp=sharing\" data-type=\"URL\" data-id=\"https:\/\/drive.google.com\/file\/d\/1nM5YaxS2JoZcKh8LjoIG8ZyYziqpD9Gb\/view?usp=sharing\" target=\"_blank\" rel=\"noreferrer noopener\">5032-19<\/a><\/strong><br><strong>Sede: Navarro\u2013 Turno Vespertino<\/strong><\/figcaption><\/figure>\n\n\n\n<p><strong>\u00c1REA OCUPACIONAL<\/strong><br>El T\u00e9cnico Superior en Administraci\u00f3n Agropecuaria podr\u00e1 desarrollar sus actividades en<br>grandes, peque\u00f1as y medianas empresas dedicadas a la actividad agropecuaria, as\u00ed como<br>tambi\u00e9n en microemprendimientos.<br>Los roles del T\u00e9cnico Superior podr\u00e1n ser espec\u00edficos y\/o globales y de gesti\u00f3n; variando<br>tama\u00f1o, el contenido tecnol\u00f3gico y tipo de gesti\u00f3n de la empresa en la que se desempe\u00f1e.<br>En empresas de mayor tama\u00f1o participa, desde sus tareas espec\u00edficas, dentro del equipo de<br>gesti\u00f3n (trabajo en grupos, en c\u00e9lulas, etc.), increment\u00e1ndose la participaci\u00f3n en los<br>aspectos m\u00e1s estrat\u00e9gicos y de la toma de decisiones a medida que el tama\u00f1o de la<br>empresa disminuye.<br>El trabajo coordinado, en equipo y de interrelaci\u00f3n con otros sectores ocupa un lugar clave<br>en las actividades de proyecto, dise\u00f1o y gesti\u00f3n.<br>Las funciones propias de este perfil pueden diferenciarse de los distintos actores seg\u00fan los<br>grados de decisi\u00f3n, autonom\u00eda, responsabilidad, especificidad y la rutina de los roles que<br>detenten en la organizaci\u00f3n.<\/p>\n\n\n\n<p>El T\u00e9cnico Superior podr\u00e1 desempe\u00f1arse en organizaciones dedicadas a:<\/p>\n\n\n\n<ul>\n<li>Ganader\u00eda<\/li>\n\n\n\n<li>Cultivos<\/li>\n\n\n\n<li>Fabricaci\u00f3n de productos regionales, entre otras.<br>Podr\u00e1 adem\u00e1s cumplir distintas funciones dentro de las \u00e1reas de la organizaci\u00f3n:<\/li>\n\n\n\n<li>Direcci\u00f3n y planeamiento<\/li>\n\n\n\n<li>Producci\u00f3n<\/li>\n\n\n\n<li>Recursos humanos<\/li>\n\n\n\n<li>Compras<\/li>\n\n\n\n<li>Comercializaci\u00f3n y comercio exterior<\/li>\n\n\n\n<li>Financiaci\u00f3n<\/li>\n\n\n\n<li>Contabilizaci\u00f3n<\/li>\n\n\n\n<li>Gesti\u00f3n integral.<\/li>\n<\/ul>\n","protected":false},"excerpt":{"rendered":"<p>\u00c1REA OCUPACIONALEl T\u00e9cnico Superior en Administraci\u00f3n Agropecuaria podr\u00e1 desarrollar sus actividades engrandes, peque\u00f1as y medianas empresas dedicadas a la actividad agropecuaria, as\u00ed comotambi\u00e9n en microemprendimientos.Los roles del T\u00e9cnico Superior podr\u00e1n ser espec\u00edficos y\/o globales y de gesti\u00f3n; variandotama\u00f1o, el contenido tecnol\u00f3gico y tipo de gesti\u00f3n de la empresa en la que se desempe\u00f1e.En empresas de &#8230; <a title=\"Tec. Superior en Administraci\u00f3n Agropecuaria\" class=\"read-more\" href=\"https:\/\/isfdyt242-bue.infd.edu.ar\/sitio\/tec-superior-en-administracion-agropecuaria\/\" aria-label=\"More on Tec. Superior en Administraci\u00f3n Agropecuaria\">[+]<\/a><\/p>\n","protected":false},"author":12,"featured_media":0,"parent":0,"menu_order":0,"comment_status":"closed","ping_status":"closed","template":"","meta":[],"acf":[],"_links":{"self":[{"href":"https:\/\/isfdyt242-bue.infd.edu.ar\/sitio\/wp-json\/wp\/v2\/pages\/1310"}],"collection":[{"href":"https:\/\/isfdyt242-bue.infd.edu.ar\/sitio\/wp-json\/wp\/v2\/pages"}],"about":[{"href":"https:\/\/isfdyt242-bue.infd.edu.ar\/sitio\/wp-json\/wp\/v2\/types\/page"}],"author":[{"embeddable":true,"href":"https:\/\/isfdyt242-bue.infd.edu.ar\/sitio\/wp-json\/wp\/v2\/users\/12"}],"replies":[{"embeddable":true,"href":"https:\/\/isfdyt242-bue.infd.edu.ar\/sitio\/wp-json\/wp\/v2\/comments?post=1310"}],"version-history":[{"count":1,"href":"https:\/\/isfdyt242-bue.infd.edu.ar\/sitio\/wp-json\/wp\/v2\/pages\/1310\/revisions"}],"predecessor-version":[{"id":1312,"href":"https:\/\/isfdyt242-bue.infd.edu.ar\/sitio\/wp-json\/wp\/v2\/pages\/1310\/revisions\/1312"}],"wp:attachment":[{"href":"https:\/\/isfdyt242-bue.infd.edu.ar\/sitio\/wp-json\/wp\/v2\/media?parent=1310"}],"curies":[{"name":"wp","href":"https:\/\/api.w.org\/{rel}","templated":true}]}}