{"id":286,"date":"2016-10-31T13:17:59","date_gmt":"2016-10-31T16:17:59","guid":{"rendered":"https:\/\/isfd43rp-bue.infd.edu.ar\/sitio\/?page_id=286"},"modified":"2023-01-20T23:47:09","modified_gmt":"2023-01-21T02:47:09","slug":"inicio","status":"publish","type":"page","link":"https:\/\/isfdyt242-bue.infd.edu.ar\/sitio\/","title":{"rendered":"Inicio"},"content":{"rendered":"<div id=\"metaslider-id-403\" style=\"width: 100%;\" class=\"ml-slider-3-33-0 metaslider metaslider-flex metaslider-403 ml-slider ms-theme-default\" role=\"region\" aria-roledescription=\"Slideshow\" aria-label=\"Slideshow\">\n    <div id=\"metaslider_container_403\">\n        <div id=\"metaslider_403\" class=\"flexslider\">\n            <ul aria-live=\"polite\" class=\"slides\">\n                <li style=\"display: block; width: 100%;\" class=\"slide-607 ms-image\" aria-roledescription=\"slide\" aria-label=\"slide-607\"><a href=\"https:\/\/mapa.infd.edu.ar\/\" target=\"_self\"><img src=\"https:\/\/isfdyt242-bue.infd.edu.ar\/sitio\/wp-content\/uploads\/2018\/06\/mapa_infd6-1100x200.png\" height=\"200\" width=\"1100\" alt=\"\" class=\"slider-403 slide-607\" title=\"mapa_infd6\" \/><\/a><\/li>\n                <li style=\"display: none; width: 100%;\" class=\"slide-609 ms-image\" aria-roledescription=\"slide\" aria-label=\"slide-609\"><a href=\"https:\/\/www.argentina.gob.ar\/educacion\/becas\" target=\"_self\"><img src=\"https:\/\/isfdyt242-bue.infd.edu.ar\/sitio\/wp-content\/uploads\/2018\/06\/becas7-1100x200.png\" height=\"200\" width=\"1100\" alt=\"\" class=\"slider-403 slide-609\" title=\"becas7\" \/><\/a><\/li>\n                <li style=\"display: none; width: 100%;\" class=\"slide-635 ms-image\" aria-roledescription=\"slide\" aria-label=\"slide-635\"><a href=\"https:\/\/www.argentina.gob.ar\/tema\/estudiar\/formacion-docencia\" target=\"_self\"><img src=\"https:\/\/isfdyt242-bue.infd.edu.ar\/sitio\/wp-content\/uploads\/2018\/06\/convocatorias_slide6-1-1100x200.png\" height=\"200\" width=\"1100\" alt=\"\" class=\"slider-403 slide-635\" title=\"convocatorias_slide6-1\" \/><\/a><\/li>\n            <\/ul>\n        <\/div>\n        \n    <\/div>\n<\/div>\n<p style=\"text-align: center;\"><span style=\"color: #14c4a4;\"><strong>\u00abDesarrolla una pasi\u00f3n por aprender. Si lo haces, nunca dejar\u00e1s de crecer<em>\u2026\u00bb<\/em><\/strong><\/span><\/p>\n<p style=\"text-align: center;\"><span style=\"color: #14c4a4;\"><b>Antony J. D&#8217;Angelo<\/b><\/span><\/p>\n<p><img decoding=\"async\" loading=\"lazy\" class=\"wp-image-1082 size-full aligncenter\" src=\"https:\/\/isfdyt242-bue.infd.edu.ar\/sitio\/wp-content\/uploads\/2022\/10\/1jmk67.jpg\" alt=\"\" width=\"720\" height=\"240\" \/><\/p>\n<p>&nbsp;<\/p>\n<p><span style=\"color: #333333;\">El Instituto Superior de Formaci\u00f3n Docente y T\u00e9cnica N\u00b0 242 de la ciudad de Navarro, forma parte del sistema de educaci\u00f3n p\u00fablica de gesti\u00f3n estatal.<\/span><\/p>\n<p><span style=\"color: #333333;\">A trav\u00e9s de este sitio en Internet, pretendemos comunicar novedades, acercar informaci\u00f3n, compartir experiencias y brindar apoyo y asesoramiento a\u00a0alumnos, docentes e interesados en formar parte de nuestra comunidad educativa.<\/span><\/p>\n<p><span style=\"color: #333333;\">Junto con varios cientos de Institutos, integramos la\u00a0<strong><em>Red\u00a0Virtual de Institutos Superiores de Formaci\u00f3n Docente<\/em><\/strong>\u00a0coordinada por el\u00a0\u00a0<strong>INFD\u00a0<\/strong>(Instituto Nacional de Formaci\u00f3n Docente) dependiente del Ministerio de Educaci\u00f3n de la Naci\u00f3n Argentina.<\/span><\/p>\n<h5><span style=\"color: #333333;\">Calle 36 entre 7 y 9 \u2013 Navarro (6605) \u2013<\/span><\/h5>\n<p><span style=\"color: #333333;\">\u2013 Email: isfdyt242navarro@abc.gob.ar<\/span><\/p>\n","protected":false},"excerpt":{"rendered":"<p>\u00abDesarrolla una pasi\u00f3n por aprender. Si lo haces, nunca dejar\u00e1s de crecer\u2026\u00bb Antony J. D&#8217;Angelo &nbsp; El Instituto Superior de Formaci\u00f3n Docente y T\u00e9cnica N\u00b0 242 de la ciudad de Navarro, forma parte del sistema de educaci\u00f3n p\u00fablica de gesti\u00f3n estatal. A trav\u00e9s de este sitio en Internet, pretendemos comunicar novedades, acercar informaci\u00f3n, compartir experiencias &#8230; <a title=\"Inicio\" class=\"read-more\" href=\"https:\/\/isfdyt242-bue.infd.edu.ar\/sitio\/\" aria-label=\"More on Inicio\">[+]<\/a><\/p>\n","protected":false},"author":1,"featured_media":0,"parent":0,"menu_order":0,"comment_status":"closed","ping_status":"closed","template":"","meta":[],"acf":[],"_links":{"self":[{"href":"https:\/\/isfdyt242-bue.infd.edu.ar\/sitio\/wp-json\/wp\/v2\/pages\/286"}],"collection":[{"href":"https:\/\/isfdyt242-bue.infd.edu.ar\/sitio\/wp-json\/wp\/v2\/pages"}],"about":[{"href":"https:\/\/isfdyt242-bue.infd.edu.ar\/sitio\/wp-json\/wp\/v2\/types\/page"}],"author":[{"embeddable":true,"href":"https:\/\/isfdyt242-bue.infd.edu.ar\/sitio\/wp-json\/wp\/v2\/users\/1"}],"replies":[{"embeddable":true,"href":"https:\/\/isfdyt242-bue.infd.edu.ar\/sitio\/wp-json\/wp\/v2\/comments?post=286"}],"version-history":[{"count":102,"href":"https:\/\/isfdyt242-bue.infd.edu.ar\/sitio\/wp-json\/wp\/v2\/pages\/286\/revisions"}],"predecessor-version":[{"id":1184,"href":"https:\/\/isfdyt242-bue.infd.edu.ar\/sitio\/wp-json\/wp\/v2\/pages\/286\/revisions\/1184"}],"wp:attachment":[{"href":"https:\/\/isfdyt242-bue.infd.edu.ar\/sitio\/wp-json\/wp\/v2\/media?parent=286"}],"curies":[{"name":"wp","href":"https:\/\/api.w.org\/{rel}","templated":true}]}}