{"id":755,"date":"2021-11-16T22:44:40","date_gmt":"2021-11-17T01:44:40","guid":{"rendered":"https:\/\/isfd43rp-bue.infd.edu.ar\/sitio\/?page_id=755"},"modified":"2026-02-18T19:49:45","modified_gmt":"2026-02-18T22:49:45","slug":"finales","status":"publish","type":"page","link":"https:\/\/isfdyt242-bue.infd.edu.ar\/sitio\/finales\/","title":{"rendered":"Finales"},"content":{"rendered":"\n<figure class=\"wp-block-image\"><img decoding=\"async\" src=\"https:\/\/isfdyt43-bue.infd.edu.ar\/sitio\/wp-content\/uploads\/2018\/11\/ExamenesFin-Navarro.jpg\" alt=\"\"\/><\/figure>\n\n\n\n<p class=\"has-text-align-center has-text-color\" style=\"color:#2da9cfe3;font-size:28px\"> <strong>\u2013 Inscripciones a Ex\u00e1menes Febrero-Marzo: UNICAMENTE&nbsp;\u2013<\/strong><\/p>\n\n\n\n<p class=\"has-text-align-center has-text-color\" style=\"color:#2d99cfdb;font-size:22px\"><strong>\u2013&nbsp;<\/strong><\/p>\n\n\n\n<p class=\"has-black-color has-text-color\" style=\"font-size:21px\"><strong>MODALIDAD DE EXAMEN:&nbsp; <\/strong>   <span class=\"has-inline-color has-vivid-red-color\"><strong>PRESENCIAL<\/strong><\/span><\/p>\n\n\n\n<p class=\"has-text-align-center has-text-color\" style=\"color:#2daecfe0\"><strong>IMPORTANTE<\/strong><\/p>\n\n\n\n<p class=\"has-text-align-center has-text-color\" style=\"color:#2daecfe0\"><strong>-AL MOMENTO DE LA INSCRIPCI\u00d3N, CORROBORAR LAS CORRELATIVIDADES EN BASE A SU SITUACI\u00d3N ACADEMICA. \u2013<\/strong><\/p>\n\n\n\n<p class=\"has-text-align-center has-text-color\" style=\"color:#2daecfe0\"><strong>-POSEER CUENTA DE GMAIL PARA INSCRIBIRSE-<\/strong><\/p>\n\n\n\n<p><strong>Carreras<\/strong>:<\/p>\n\n\n\n<ul>\n<li><strong>Profesorado Educaci\u00f3n Secundaria T\u00e9cnico Profesional en Producci\u00f3n Agropecuaria<\/strong><\/li>\n\n\n\n<li><a href=\"https:\/\/drive.google.com\/file\/d\/1agtOYNnVJmJhdAZvEgp386yQPjFCZpAX\/view?usp=sharing\" data-type=\"URL\" data-id=\"https:\/\/drive.google.com\/file\/d\/1agtOYNnVJmJhdAZvEgp386yQPjFCZpAX\/view?usp=sharing\">Fechas de Ex\u00e1menes<\/a><\/li>\n\n\n\n<li><a href=\"https:\/\/docs.google.com\/forms\/d\/e\/1FAIpQLSfuTN4zAfM7IhpSOX2lcTLDnYFMz8gakc7JqXREiWeKzpYvHg\/viewform?usp=header\" data-type=\"URL\" data-id=\"https:\/\/docs.google.com\/forms\/d\/e\/1FAIpQLSfuTN4zAfM7IhpSOX2lcTLDnYFMz8gakc7JqXREiWeKzpYvHg\/viewform?usp=header\">Inscripci\u00f3n EX\u00c1MENES REGULARES<\/a><\/li>\n\n\n\n<li><a href=\"https:\/\/docs.google.com\/forms\/d\/e\/1FAIpQLSe6lSGGMA_lUhcU3CfHHQEez4aTVRHYntO-VaWHXOkmqbTWaQ\/viewform?usp=publish-editor\" data-type=\"URL\" data-id=\"https:\/\/docs.google.com\/forms\/d\/e\/1FAIpQLSe6lSGGMA_lUhcU3CfHHQEez4aTVRHYntO-VaWHXOkmqbTWaQ\/viewform?usp=publish-editor\">Inscripci\u00f3n <\/a><a href=\"https:\/\/docs.google.com\/forms\/d\/e\/1FAIpQLSfKh2cw-DxN7t-8CIgJRVnEARBgzKDjM2mJJP--2GKzTJYybg\/viewform?usp=header\" data-type=\"URL\" data-id=\"https:\/\/docs.google.com\/forms\/d\/e\/1FAIpQLSfKh2cw-DxN7t-8CIgJRVnEARBgzKDjM2mJJP--2GKzTJYybg\/viewform?usp=header\">EX\u00c1MENES <\/a><a href=\"https:\/\/docs.google.com\/forms\/d\/e\/1FAIpQLSe6lSGGMA_lUhcU3CfHHQEez4aTVRHYntO-VaWHXOkmqbTWaQ\/viewform?usp=publish-editor\" data-type=\"URL\" data-id=\"https:\/\/docs.google.com\/forms\/d\/e\/1FAIpQLSe6lSGGMA_lUhcU3CfHHQEez4aTVRHYntO-VaWHXOkmqbTWaQ\/viewform?usp=publish-editor\">LIBRES<\/a><\/li>\n<\/ul>\n\n\n\n<ul>\n<li><strong>Profesorado de Econom\u00eda <\/strong><\/li>\n\n\n\n<li><strong><a href=\"https:\/\/docs.google.com\/forms\/d\/e\/1FAIpQLSdGPMhwHze2xJ2kezPrr6kg2PQ8kdbAOM9X0zan7cGjIs3vdA\/viewform?usp=pp_url\" data-type=\"URL\" data-id=\"https:\/\/docs.google.com\/forms\/d\/e\/1FAIpQLSdGPMhwHze2xJ2kezPrr6kg2PQ8kdbAOM9X0zan7cGjIs3vdA\/viewform?usp=pp_url\"> <\/a><\/strong><a href=\"https:\/\/drive.google.com\/file\/d\/1dkVo2ypoiR4sE-Bx4h9X8fngcEb3cmAd\/view?usp=sharing\" data-type=\"URL\" data-id=\"https:\/\/drive.google.com\/file\/d\/1dkVo2ypoiR4sE-Bx4h9X8fngcEb3cmAd\/view?usp=sharing\">Fechas de Ex\u00e1menes <\/a><\/li>\n\n\n\n<li><a href=\"https:\/\/docs.google.com\/forms\/d\/e\/1FAIpQLSfklNfuc2nRApsVIdP8FghnOubeuQltJGlTnoPlD_0HCpsimg\/viewform?usp=header\" data-type=\"URL\" data-id=\"https:\/\/docs.google.com\/forms\/d\/e\/1FAIpQLSfklNfuc2nRApsVIdP8FghnOubeuQltJGlTnoPlD_0HCpsimg\/viewform?usp=header\">Inscripci\u00f3n EX\u00c1MENES REGULARES<\/a><\/li>\n\n\n\n<li><a href=\"https:\/\/docs.google.com\/forms\/d\/e\/1FAIpQLSdLYIKFgGkVsZ0Mnn3HqEc5O8cO8pAq5fGQguxGxDZVcZRxCQ\/viewform?usp=header\" data-type=\"URL\" data-id=\"https:\/\/docs.google.com\/forms\/d\/e\/1FAIpQLSdLYIKFgGkVsZ0Mnn3HqEc5O8cO8pAq5fGQguxGxDZVcZRxCQ\/viewform?usp=header\">Inscripci\u00f3n EX\u00c1MENES LIBRES<\/a><\/li>\n<\/ul>\n\n\n\n<ul>\n<li><strong>Tecnicatura en Administraci\u00f3n Agropecuaria<\/strong><\/li>\n\n\n\n<li><a href=\"https:\/\/drive.google.com\/file\/d\/1w6knhSeq53pBvwTcsDlbFKyDGshr-cqn\/view?usp=sharing\" data-type=\"URL\" data-id=\"https:\/\/drive.google.com\/file\/d\/1w6knhSeq53pBvwTcsDlbFKyDGshr-cqn\/view?usp=sharing\">Fechas de <\/a><a href=\"https:\/\/drive.google.com\/file\/d\/188jBrM8OT83fVKjxAKlcsl_6iBDY2aoi\/view?usp=sharing\" data-type=\"URL\" data-id=\"https:\/\/drive.google.com\/file\/d\/188jBrM8OT83fVKjxAKlcsl_6iBDY2aoi\/view?usp=sharing\">Ex\u00e1menes <\/a><\/li>\n\n\n\n<li><a href=\"https:\/\/docs.google.com\/forms\/d\/e\/1FAIpQLScsMYlr9BjX8R3SMRPSWwT2_a_ILQo5LEQgP5mSv_AirIsXuA\/viewform?usp=header\" data-type=\"URL\" data-id=\"https:\/\/docs.google.com\/forms\/d\/e\/1FAIpQLScsMYlr9BjX8R3SMRPSWwT2_a_ILQo5LEQgP5mSv_AirIsXuA\/viewform?usp=header\">Inscripci\u00f3n EX\u00c1MENES REGULARES<\/a><\/li>\n\n\n\n<li><a href=\"https:\/\/docs.google.com\/forms\/d\/e\/1FAIpQLScyoCwrXnxUY42JUmCh8vUSmE74wNECSx2aTnprskfnc6AzxQ\/viewform?usp=header\" data-type=\"URL\" data-id=\"https:\/\/docs.google.com\/forms\/d\/e\/1FAIpQLScyoCwrXnxUY42JUmCh8vUSmE74wNECSx2aTnprskfnc6AzxQ\/viewform?usp=header\">Inscripci\u00f3n EX\u00c1MENES LIBRES<\/a><\/li>\n<\/ul>\n","protected":false},"excerpt":{"rendered":"<p>\u2013 Inscripciones a Ex\u00e1menes Febrero-Marzo: UNICAMENTE&nbsp;\u2013 \u2013&nbsp; MODALIDAD DE EXAMEN:&nbsp; PRESENCIAL IMPORTANTE -AL MOMENTO DE LA INSCRIPCI\u00d3N, CORROBORAR LAS CORRELATIVIDADES EN BASE A SU SITUACI\u00d3N ACADEMICA. \u2013 -POSEER CUENTA DE GMAIL PARA INSCRIBIRSE- Carreras:<\/p>\n","protected":false},"author":12,"featured_media":0,"parent":0,"menu_order":0,"comment_status":"closed","ping_status":"closed","template":"","meta":[],"acf":[],"_links":{"self":[{"href":"https:\/\/isfdyt242-bue.infd.edu.ar\/sitio\/wp-json\/wp\/v2\/pages\/755"}],"collection":[{"href":"https:\/\/isfdyt242-bue.infd.edu.ar\/sitio\/wp-json\/wp\/v2\/pages"}],"about":[{"href":"https:\/\/isfdyt242-bue.infd.edu.ar\/sitio\/wp-json\/wp\/v2\/types\/page"}],"author":[{"embeddable":true,"href":"https:\/\/isfdyt242-bue.infd.edu.ar\/sitio\/wp-json\/wp\/v2\/users\/12"}],"replies":[{"embeddable":true,"href":"https:\/\/isfdyt242-bue.infd.edu.ar\/sitio\/wp-json\/wp\/v2\/comments?post=755"}],"version-history":[{"count":49,"href":"https:\/\/isfdyt242-bue.infd.edu.ar\/sitio\/wp-json\/wp\/v2\/pages\/755\/revisions"}],"predecessor-version":[{"id":1435,"href":"https:\/\/isfdyt242-bue.infd.edu.ar\/sitio\/wp-json\/wp\/v2\/pages\/755\/revisions\/1435"}],"wp:attachment":[{"href":"https:\/\/isfdyt242-bue.infd.edu.ar\/sitio\/wp-json\/wp\/v2\/media?parent=755"}],"curies":[{"name":"wp","href":"https:\/\/api.w.org\/{rel}","templated":true}]}}