{"id":758,"date":"2021-11-17T18:47:25","date_gmt":"2021-11-17T21:47:25","guid":{"rendered":"https:\/\/isfd43rp-bue.infd.edu.ar\/sitio\/?page_id=758"},"modified":"2023-01-21T10:24:15","modified_gmt":"2023-01-21T13:24:15","slug":"equivalencias","status":"publish","type":"page","link":"https:\/\/isfdyt242-bue.infd.edu.ar\/sitio\/equivalencias\/","title":{"rendered":"Equivalencias"},"content":{"rendered":"\n<figure class=\"wp-block-gallery has-nested-images columns-default is-cropped wp-block-gallery-1 is-layout-flex\">\n<figure class=\"wp-block-image size-large\"><img decoding=\"async\" loading=\"lazy\" width=\"1280\" height=\"720\" data-id=\"1104\"  src=\"https:\/\/isfdyt242-bue.infd.edu.ar\/sitio\/wp-content\/uploads\/2022\/11\/Diapositiva1-1.jpg\" alt=\"\" class=\"wp-image-1104\" srcset=\"https:\/\/isfdyt242-bue.infd.edu.ar\/sitio\/wp-content\/uploads\/2022\/11\/Diapositiva1-1.jpg 1280w, https:\/\/isfdyt242-bue.infd.edu.ar\/sitio\/wp-content\/uploads\/2022\/11\/Diapositiva1-1-1000x563.jpg 1000w, https:\/\/isfdyt242-bue.infd.edu.ar\/sitio\/wp-content\/uploads\/2022\/11\/Diapositiva1-1-768x432.jpg 768w\" sizes=\"(max-width: 1280px) 100vw, 1280px\" \/><\/figure>\n<\/figure>\n\n\n\n<p class=\"has-text-align-center\">&nbsp;<strong>SOLICITUD DE EQUIVALENCIAS<\/strong><\/p>\n\n\n\n<p class=\"has-text-align-center has-text-color\" style=\"color:#0fbaf8\"><strong>\u2013 LEER TODO HASTA EL FINAL \u2013<\/strong><\/p>\n\n\n\n<p class=\"has-text-align-center has-text-color\" style=\"color:#4516e4\"><strong><a href=\"https:\/\/drive.google.com\/file\/d\/1Dfm5-WL-Mj-k6r98PaBTna8IF7GnBTCZ\/view?usp=share_link\" data-type=\"URL\" data-id=\"https:\/\/drive.google.com\/file\/d\/1Dfm5-WL-Mj-k6r98PaBTna8IF7GnBTCZ\/view?usp=share_link\">RESOLUCI\u00d3N<\/a><\/strong><\/p>\n\n\n\n<p><strong>Objetivos:<\/strong><\/p>\n\n\n\n<p>Aprobaci\u00f3n (parcial o total) o denegaci\u00f3n de equivalencias solicitadas por los alumnos regulares de las carreras de formaci\u00f3n Docente y\/o t\u00e9cnica.<\/p>\n\n\n\n<p><strong>Normativa Aplicable:<\/strong><\/p>\n\n\n\n<p>Reglamento de Institutos Superiores. Resoluci\u00f3n N\u00b0 1.434\/04. Normativa que complete o la reemplace.<\/p>\n\n\n\n<p><strong>PASOS A SEGUIR<\/strong><\/p>\n\n\n\n<p><strong>1 \u2013 Descargar y completar los formularios que a continuaci\u00f3n se solicitan:<\/strong><\/p>\n\n\n\n<p>El Alumno que solicita equivalencias deber\u00e1, en el ciclo lectivo 2023, presentar:<\/p>\n\n\n\n<ul>\n<li>El resumen de solicitud de equivalencia \u2013&nbsp;<a href=\"https:\/\/isfdyt43-bue.infd.edu.ar\/sitio\/equivalencias-2020\/upload\/A14.pdf\" target=\"_blank\" rel=\"noreferrer noopener\">Formulario A14<\/a><\/li>\n\n\n\n<li>La solicitud de equivalencia por asignatura y\/o perspectiva \u2013&nbsp;<a href=\"https:\/\/isfdyt43-bue.infd.edu.ar\/sitio\/equivalencias-2020\/upload\/A14a.pdf\" target=\"_blank\" rel=\"noreferrer noopener\">Formulario A14a<\/a><\/li>\n\n\n\n<li>El certificado de materias aprobadas \u2013&nbsp;<a href=\"https:\/\/isfdyt43-bue.infd.edu.ar\/sitio\/equivalencias-2020\/upload\/A10.pdf\" target=\"_blank\" rel=\"noreferrer noopener\">Formulario A10<\/a>&nbsp;(Original expedido por la instituci\u00f3n de Educaci\u00f3n Superior que corresponda)<\/li>\n<\/ul>\n\n\n\n<p><strong>2 \u2013 Escanear los programas de las asignaturas:<\/strong><\/p>\n\n\n\n<ul>\n<li>Los programas originales de las asignaturas que presenta para el otorgamiento de la equivalencia, debidamente certificados.<\/li>\n<\/ul>\n\n\n\n<p><strong>3 \u2013 Enviar por correo electronico:<\/strong><\/p>\n\n\n\n<ul>\n<li><strong>En el cuerpo del Correo Electr\u00f3nico informar, Su Apellido y Nombre, Carrera que cursa, A\u00f1o que Cursada, Nombre de las Materias las cuales solicita equivalencia.<\/strong><\/li>\n<\/ul>\n\n\n\n<p><strong>Periodo:<\/strong><\/p>\n\n\n\n<ul>\n<li>Presentaci\u00f3n de Solicitudes de Equivalencia&nbsp;<strong>16-05-2023<\/strong>&nbsp;al&nbsp;<strong>31-05-2023<\/strong><\/li>\n<\/ul>\n\n\n\n<p><strong>Responsable:<\/strong>&nbsp;Preceptor de la carrera.<\/p>\n\n\n\n<p><strong>Recepci\u00f3n y consultas:<\/strong>&nbsp;Los formularios de equivalencia conjuntamente con los programas, ser\u00e1n recepcionados a trav\u00e9s del correo de la carrera que se detalla a continuaci\u00f3n.<\/p>\n\n\n\n<figure class=\"wp-block-table\"><table><tbody><tr><td><strong>CARRERA<\/strong><\/td><td><strong>CORREO ELECTRONICO<\/strong><\/td><td><strong>Horario de Contacto<\/strong><\/td><\/tr><tr><td>Prof. de Biolog\u00eda\u2013 Prof. de Qu\u00edmica \u2013 Prof. de F\u00edsica<\/td><td>consultas242navarro@gmail.com<\/td><td>17:30 a 22:00 hs.<\/td><\/tr><tr><td>Tecnicatura Superior en Administraci\u00f3n General<\/td><td>consultas242navarro@gmail.com<\/td><td>17:30 a 22:00 hs.<\/td><\/tr><tr><td><\/td><td><\/td><td><\/td><\/tr><tr><td><\/td><td><\/td><td><\/td><\/tr><tr><td><\/td><td><\/td><td><\/td><\/tr><tr><td><\/td><td><\/td><td><\/td><\/tr><tr><td><\/td><td><\/td><td><\/td><\/tr><tr><td><\/td><td><\/td><td><\/td><\/tr><tr><td><\/td><td><\/td><td><\/td><\/tr><\/tbody><\/table><\/figure>\n\n\n\n<p><\/p>\n","protected":false},"excerpt":{"rendered":"<p>&nbsp;SOLICITUD DE EQUIVALENCIAS \u2013 LEER TODO HASTA EL FINAL \u2013 RESOLUCI\u00d3N Objetivos: Aprobaci\u00f3n (parcial o total) o denegaci\u00f3n de equivalencias solicitadas por los alumnos regulares de las carreras de formaci\u00f3n Docente y\/o t\u00e9cnica. Normativa Aplicable: Reglamento de Institutos Superiores. Resoluci\u00f3n N\u00b0 1.434\/04. Normativa que complete o la reemplace. PASOS A SEGUIR 1 \u2013 Descargar y &#8230; <a title=\"Equivalencias\" class=\"read-more\" href=\"https:\/\/isfdyt242-bue.infd.edu.ar\/sitio\/equivalencias\/\" aria-label=\"More on Equivalencias\">[+]<\/a><\/p>\n","protected":false},"author":12,"featured_media":0,"parent":0,"menu_order":0,"comment_status":"closed","ping_status":"closed","template":"","meta":[],"acf":[],"_links":{"self":[{"href":"https:\/\/isfdyt242-bue.infd.edu.ar\/sitio\/wp-json\/wp\/v2\/pages\/758"}],"collection":[{"href":"https:\/\/isfdyt242-bue.infd.edu.ar\/sitio\/wp-json\/wp\/v2\/pages"}],"about":[{"href":"https:\/\/isfdyt242-bue.infd.edu.ar\/sitio\/wp-json\/wp\/v2\/types\/page"}],"author":[{"embeddable":true,"href":"https:\/\/isfdyt242-bue.infd.edu.ar\/sitio\/wp-json\/wp\/v2\/users\/12"}],"replies":[{"embeddable":true,"href":"https:\/\/isfdyt242-bue.infd.edu.ar\/sitio\/wp-json\/wp\/v2\/comments?post=758"}],"version-history":[{"count":5,"href":"https:\/\/isfdyt242-bue.infd.edu.ar\/sitio\/wp-json\/wp\/v2\/pages\/758\/revisions"}],"predecessor-version":[{"id":1203,"href":"https:\/\/isfdyt242-bue.infd.edu.ar\/sitio\/wp-json\/wp\/v2\/pages\/758\/revisions\/1203"}],"wp:attachment":[{"href":"https:\/\/isfdyt242-bue.infd.edu.ar\/sitio\/wp-json\/wp\/v2\/media?parent=758"}],"curies":[{"name":"wp","href":"https:\/\/api.w.org\/{rel}","templated":true}]}}