{"id":777,"date":"2021-11-17T18:57:57","date_gmt":"2021-11-17T21:57:57","guid":{"rendered":"https:\/\/isfd43rp-bue.infd.edu.ar\/sitio\/?page_id=777"},"modified":"2024-12-23T19:47:26","modified_gmt":"2024-12-23T22:47:26","slug":"profesorado-en-educacion-secundaria-tecnico-profesional-en-produccion-agropecuaria","status":"publish","type":"page","link":"https:\/\/isfdyt242-bue.infd.edu.ar\/sitio\/profesorado-en-educacion-secundaria-tecnico-profesional-en-produccion-agropecuaria\/","title":{"rendered":"Profesorado en Educaci\u00f3n Secundaria T\u00e9cnico Profesional en Producci\u00f3n Agropecuaria"},"content":{"rendered":"\n<h1 class=\"wp-block-heading\"><\/h1>\n\n\n\n<figure class=\"wp-block-image size-full is-resized\"><img decoding=\"async\" loading=\"lazy\" src=\"https:\/\/isfdyt242-bue.infd.edu.ar\/sitio\/wp-content\/uploads\/2024\/12\/WhatsApp-Image-2024-12-23-at-19.29.20.jpeg\" alt=\"\" class=\"wp-image-1356\" width=\"499\" height=\"287\" srcset=\"https:\/\/isfdyt242-bue.infd.edu.ar\/sitio\/wp-content\/uploads\/2024\/12\/WhatsApp-Image-2024-12-23-at-19.29.20.jpeg 1079w, https:\/\/isfdyt242-bue.infd.edu.ar\/sitio\/wp-content\/uploads\/2024\/12\/WhatsApp-Image-2024-12-23-at-19.29.20-1000x575.jpeg 1000w, https:\/\/isfdyt242-bue.infd.edu.ar\/sitio\/wp-content\/uploads\/2024\/12\/WhatsApp-Image-2024-12-23-at-19.29.20-768x441.jpeg 768w\" sizes=\"(max-width: 499px) 100vw, 499px\" \/><\/figure>\n\n\n\n<p><strong>DURACION 4 a\u00f1os<\/strong><\/p>\n\n\n\n<p><strong>Carrera de Ciclo Cerrado<\/strong><\/p>\n\n\n\n<p><strong>REQUISITOS DE INGRESO: T\u00edtulo del Nivel Medio o Polimodal.<\/strong><\/p>\n\n\n\n<p><strong>Resoluci\u00f3n N\u00b0&nbsp;<\/strong><a rel=\"noreferrer noopener\" href=\"https:\/\/drive.google.com\/file\/d\/1kURYcTiA6EvkiwsEZNct22BeiAPJswTl\/view?usp=drive_link\" data-type=\"URL\" data-id=\"https:\/\/drive.google.com\/file\/d\/1kURYcTiA6EvkiwsEZNct22BeiAPJswTl\/view?usp=drive_link\" target=\"_blank\"><strong>5743\/23<\/strong><\/a><\/p>\n\n\n\n<p><strong>Sede: Navarro\u2013 Turno Vespertino<br><\/strong><\/p>\n\n\n\n<p><strong>Campo Ocupacional:<br><\/strong>La presente propuesta busca formar Profesoras y Profesores de<br>Educaci\u00f3n Secundaria T\u00e9cnico Profesional en Producci\u00f3n Agropecuaria que asuman<br>responsablemente:<br>\u25cf las tareas de ense\u00f1ar, producir y transmitir conocimientos para la formaci\u00f3n de<br>profesionales t\u00e9cnicos de nivel secundario en \u00e1reas de conocimiento, saberes y<br>pr\u00e1cticas relativos a la especialidad desde el compromiso con la igualdad y la<br>construcci\u00f3n de sociedades m\u00e1s justas;<br>\u25cf la funci\u00f3n de acompa\u00f1amiento a las trayectorias educativas como una de las<br>bases para su actuaci\u00f3n docente, con el prop\u00f3sito de favorecer aprendizajes y<br>afianzar la autonom\u00eda de las y los adolescentes y j\u00f3venes para transitar la<br>escolaridad secundaria;<br>\u25cf la elaboraci\u00f3n, coordinaci\u00f3n y evaluaci\u00f3n de propuestas de ense\u00f1anza que<br>integren los conocimientos te\u00f3ricos y pr\u00e1cticos vinculados al perfil t\u00e9cnico<br>profesional de nivel secundario de las Tecnicaturas en Qu\u00edmica y en Tecnolog\u00eda<br>de los Alimentos;<br>\u25cf el dise\u00f1o, implementaci\u00f3n y evaluaci\u00f3n de proyectos formativos en vinculaci\u00f3n con<br>el perfil t\u00e9cnico profesional y el sector productivo local, en el marco de las<br>pr\u00e1cticas profesionalizantes, promoviendo el trabajo grupal y colaborativo entre<br>pares;<br>\u25cf la selecci\u00f3n y utilizaci\u00f3n de tecnolog\u00edas digitales en las propuestas pedag\u00f3gicas,<br>de manera contextualizada, a fin de desarrollar capacidades propias de la<br>especialidad;<br>\u25cf la planificaci\u00f3n, ejecuci\u00f3n y evaluaci\u00f3n de proyectos colectivos relacionados con la<br>formaci\u00f3n t\u00e9cnico profesional, tanto vinculados a la labor docente como a la<br>cultural;<br>\u25cf la participaci\u00f3n activa en la mejora institucional proponiendo alternativas,<br>estrategias y proyectos educativos en vinculaci\u00f3n con la comunidad y el sector<br>t\u00e9cnico profesional de referencia;<br>\u25cf la integraci\u00f3n de equipos de asesoramiento profesional y t\u00e9cnico acerca de la<br>ense\u00f1anza t\u00e9cnico profesional en distintas instituciones;<br>\u25cf la reflexi\u00f3n individual y colectiva en relaci\u00f3n a los procesos de ense\u00f1anza, as\u00ed<br>como su sistematizaci\u00f3n en diferentes soportes y actividades (jornadas de trabajo<br>intraescolares e interescolares, espacios de intercambio acad\u00e9mico, art\u00edculos,<br>entre otros).<\/p>\n","protected":false},"excerpt":{"rendered":"<p>DURACION 4 a\u00f1os Carrera de Ciclo Cerrado REQUISITOS DE INGRESO: T\u00edtulo del Nivel Medio o Polimodal. Resoluci\u00f3n N\u00b0&nbsp;5743\/23 Sede: Navarro\u2013 Turno Vespertino Campo Ocupacional:La presente propuesta busca formar Profesoras y Profesores deEducaci\u00f3n Secundaria T\u00e9cnico Profesional en Producci\u00f3n Agropecuaria que asumanresponsablemente:\u25cf las tareas de ense\u00f1ar, producir y transmitir conocimientos para la formaci\u00f3n deprofesionales t\u00e9cnicos de nivel &#8230; <a title=\"Profesorado en Educaci\u00f3n Secundaria T\u00e9cnico Profesional en Producci\u00f3n Agropecuaria\" class=\"read-more\" href=\"https:\/\/isfdyt242-bue.infd.edu.ar\/sitio\/profesorado-en-educacion-secundaria-tecnico-profesional-en-produccion-agropecuaria\/\" aria-label=\"More on Profesorado en Educaci\u00f3n Secundaria T\u00e9cnico Profesional en Producci\u00f3n Agropecuaria\">[+]<\/a><\/p>\n","protected":false},"author":12,"featured_media":0,"parent":0,"menu_order":0,"comment_status":"closed","ping_status":"closed","template":"","meta":[],"acf":[],"_links":{"self":[{"href":"https:\/\/isfdyt242-bue.infd.edu.ar\/sitio\/wp-json\/wp\/v2\/pages\/777"}],"collection":[{"href":"https:\/\/isfdyt242-bue.infd.edu.ar\/sitio\/wp-json\/wp\/v2\/pages"}],"about":[{"href":"https:\/\/isfdyt242-bue.infd.edu.ar\/sitio\/wp-json\/wp\/v2\/types\/page"}],"author":[{"embeddable":true,"href":"https:\/\/isfdyt242-bue.infd.edu.ar\/sitio\/wp-json\/wp\/v2\/users\/12"}],"replies":[{"embeddable":true,"href":"https:\/\/isfdyt242-bue.infd.edu.ar\/sitio\/wp-json\/wp\/v2\/comments?post=777"}],"version-history":[{"count":4,"href":"https:\/\/isfdyt242-bue.infd.edu.ar\/sitio\/wp-json\/wp\/v2\/pages\/777\/revisions"}],"predecessor-version":[{"id":1358,"href":"https:\/\/isfdyt242-bue.infd.edu.ar\/sitio\/wp-json\/wp\/v2\/pages\/777\/revisions\/1358"}],"wp:attachment":[{"href":"https:\/\/isfdyt242-bue.infd.edu.ar\/sitio\/wp-json\/wp\/v2\/media?parent=777"}],"curies":[{"name":"wp","href":"https:\/\/api.w.org\/{rel}","templated":true}]}}