{"id":920,"date":"2021-11-17T20:07:59","date_gmt":"2021-11-17T23:07:59","guid":{"rendered":"https:\/\/isfd43rp-bue.infd.edu.ar\/sitio\/?page_id=920"},"modified":"2022-04-19T21:23:47","modified_gmt":"2022-04-20T00:23:47","slug":"https-isfd43rp-bue-infd-edu-ar-aula-escritorio-cgi","status":"publish","type":"page","link":"https:\/\/isfdyt242-bue.infd.edu.ar\/sitio\/https-isfd43rp-bue-infd-edu-ar-aula-escritorio-cgi\/","title":{"rendered":"CAMPUS VIRTUAL"},"content":{"rendered":"\n<figure class=\"wp-block-image size-large\"><img decoding=\"async\" loading=\"lazy\" width=\"1900\" height=\"1069\" src=\"https:\/\/isfdyt242-bue.infd.edu.ar\/sitio\/wp-content\/uploads\/2022\/03\/campusv-1900x1069.jpg\" alt=\"\" class=\"wp-image-981\" srcset=\"https:\/\/isfdyt242-bue.infd.edu.ar\/sitio\/wp-content\/uploads\/2022\/03\/campusv-1900x1069.jpg 1900w, https:\/\/isfdyt242-bue.infd.edu.ar\/sitio\/wp-content\/uploads\/2022\/03\/campusv-1000x563.jpg 1000w, https:\/\/isfdyt242-bue.infd.edu.ar\/sitio\/wp-content\/uploads\/2022\/03\/campusv-768x432.jpg 768w, https:\/\/isfdyt242-bue.infd.edu.ar\/sitio\/wp-content\/uploads\/2022\/03\/campusv-1536x864.jpg 1536w, https:\/\/isfdyt242-bue.infd.edu.ar\/sitio\/wp-content\/uploads\/2022\/03\/campusv.jpg 1920w\" sizes=\"(max-width: 1900px) 100vw, 1900px\" \/><\/figure>\n\n\n\n<p><a rel=\"noreferrer noopener\" href=\"https:\/\/classroom.google.com\/u\/5\/c\/MzMyNDg5MDYyMTI4\" target=\"_blank\">Classroom Tecnicatura Superior en Administraci\u00f3n General &#8211; 1\u00ba a\u00f1o<\/a><\/p>\n\n\n\n<p><a rel=\"noreferrer noopener\" href=\"https:\/\/classroom.google.com\/u\/5\/c\/MzMzOTYyMjI4Nzcy\" target=\"_blank\">Classroom Profesorado de Educaci\u00f3n Secundaria en Qu\u00edmica &#8211; 1\u00ba a\u00f1o<\/a><\/p>\n\n\n\n<p><a href=\"https:\/\/classroom.google.com\/u\/5\/c\/NDk0MDA5ODY5MjUx\" data-type=\"URL\" data-id=\"https:\/\/classroom.google.com\/u\/5\/c\/NDk0MDA5ODY5MjUx\">Classroom Tecnicatura Superior en Administraci\u00f3n General -2\u00ba a\u00f1o<\/a><\/p>\n\n\n\n<p><a href=\"https:\/\/classroom.google.com\/u\/5\/c\/NDk0MDA4NTE3MDY3\" data-type=\"URL\" data-id=\"https:\/\/classroom.google.com\/u\/5\/c\/NDk0MDA4NTE3MDY3\">Classroom Profesorado de Educaci\u00f3n Secundaria en Qu\u00edmica -2\u00ba a\u00f1o<\/a><\/p>\n\n\n\n<p><\/p>\n","protected":false},"excerpt":{"rendered":"<p>Classroom Tecnicatura Superior en Administraci\u00f3n General &#8211; 1\u00ba a\u00f1o Classroom Profesorado de Educaci\u00f3n Secundaria en Qu\u00edmica &#8211; 1\u00ba a\u00f1o Classroom Tecnicatura Superior en Administraci\u00f3n General -2\u00ba a\u00f1o Classroom Profesorado de Educaci\u00f3n Secundaria en Qu\u00edmica -2\u00ba a\u00f1o<\/p>\n","protected":false},"author":12,"featured_media":0,"parent":0,"menu_order":0,"comment_status":"closed","ping_status":"closed","template":"","meta":[],"acf":[],"_links":{"self":[{"href":"https:\/\/isfdyt242-bue.infd.edu.ar\/sitio\/wp-json\/wp\/v2\/pages\/920"}],"collection":[{"href":"https:\/\/isfdyt242-bue.infd.edu.ar\/sitio\/wp-json\/wp\/v2\/pages"}],"about":[{"href":"https:\/\/isfdyt242-bue.infd.edu.ar\/sitio\/wp-json\/wp\/v2\/types\/page"}],"author":[{"embeddable":true,"href":"https:\/\/isfdyt242-bue.infd.edu.ar\/sitio\/wp-json\/wp\/v2\/users\/12"}],"replies":[{"embeddable":true,"href":"https:\/\/isfdyt242-bue.infd.edu.ar\/sitio\/wp-json\/wp\/v2\/comments?post=920"}],"version-history":[{"count":13,"href":"https:\/\/isfdyt242-bue.infd.edu.ar\/sitio\/wp-json\/wp\/v2\/pages\/920\/revisions"}],"predecessor-version":[{"id":1054,"href":"https:\/\/isfdyt242-bue.infd.edu.ar\/sitio\/wp-json\/wp\/v2\/pages\/920\/revisions\/1054"}],"wp:attachment":[{"href":"https:\/\/isfdyt242-bue.infd.edu.ar\/sitio\/wp-json\/wp\/v2\/media?parent=920"}],"curies":[{"name":"wp","href":"https:\/\/api.w.org\/{rel}","templated":true}]}}