{"id":952,"date":"2021-11-19T19:08:09","date_gmt":"2021-11-19T22:08:09","guid":{"rendered":"https:\/\/isfd43rp-bue.infd.edu.ar\/sitio\/?page_id=952"},"modified":"2025-02-04T10:59:49","modified_gmt":"2025-02-04T13:59:49","slug":"concursos-2","status":"publish","type":"page","link":"https:\/\/isfdyt242-bue.infd.edu.ar\/sitio\/concursos-2\/","title":{"rendered":"GU\u00cdAS PARA PRESENTACI\u00d3N DE PROYECTOS"},"content":{"rendered":"\n<ul>\n<li><strong><a href=\"https:\/\/drive.google.com\/file\/d\/1R8P2xOiCZ8pSTpSalua96pRRQdSmIfsW\/view?usp=share_link\" data-type=\"URL\" data-id=\"https:\/\/drive.google.com\/file\/d\/1R8P2xOiCZ8pSTpSalua96pRRQdSmIfsW\/view?usp=share_link\">Gu\u00eda Pr\u00e1ctica para la presentaci\u00f3n de T\u00edtulos y Antecedentes<\/a><\/strong><\/li>\n\n\n\n<li><strong><a href=\"https:\/\/drive.google.com\/file\/d\/1Anqz7d5AqeGIrvOdmtLTm6Uoofk1qulh\/view?usp=drive_link\" data-type=\"URL\" data-id=\"https:\/\/drive.google.com\/file\/d\/1Anqz7d5AqeGIrvOdmtLTm6Uoofk1qulh\/view?usp=drive_link\">Gu\u00eda para la presentaci\u00f3n de Propuesta Curricular\u00a0y Pedag\u00f3gica \u2013 Uso Obligatorio a partir de Febrero 2023 en adelante.<\/a><\/strong><\/li>\n\n\n\n<li><a href=\"https:\/\/drive.google.com\/file\/d\/1NbR36Z7FHvhbqyOYznsLdSU3d1KwRpmE\/view?usp=share_link\" data-type=\"URL\" data-id=\"https:\/\/drive.google.com\/file\/d\/1NbR36Z7FHvhbqyOYznsLdSU3d1KwRpmE\/view?usp=share_link\"><strong>Disposici\u00f3n 30\/05<\/strong><\/a><\/li>\n<\/ul>\n\n\n\n<p><\/p>\n","protected":false},"excerpt":{"rendered":"","protected":false},"author":12,"featured_media":0,"parent":0,"menu_order":0,"comment_status":"closed","ping_status":"closed","template":"","meta":[],"acf":[],"_links":{"self":[{"href":"https:\/\/isfdyt242-bue.infd.edu.ar\/sitio\/wp-json\/wp\/v2\/pages\/952"}],"collection":[{"href":"https:\/\/isfdyt242-bue.infd.edu.ar\/sitio\/wp-json\/wp\/v2\/pages"}],"about":[{"href":"https:\/\/isfdyt242-bue.infd.edu.ar\/sitio\/wp-json\/wp\/v2\/types\/page"}],"author":[{"embeddable":true,"href":"https:\/\/isfdyt242-bue.infd.edu.ar\/sitio\/wp-json\/wp\/v2\/users\/12"}],"replies":[{"embeddable":true,"href":"https:\/\/isfdyt242-bue.infd.edu.ar\/sitio\/wp-json\/wp\/v2\/comments?post=952"}],"version-history":[{"count":10,"href":"https:\/\/isfdyt242-bue.infd.edu.ar\/sitio\/wp-json\/wp\/v2\/pages\/952\/revisions"}],"predecessor-version":[{"id":1376,"href":"https:\/\/isfdyt242-bue.infd.edu.ar\/sitio\/wp-json\/wp\/v2\/pages\/952\/revisions\/1376"}],"wp:attachment":[{"href":"https:\/\/isfdyt242-bue.infd.edu.ar\/sitio\/wp-json\/wp\/v2\/media?parent=952"}],"curies":[{"name":"wp","href":"https:\/\/api.w.org\/{rel}","templated":true}]}}