{"id":990,"date":"2022-03-25T19:23:06","date_gmt":"2022-03-25T22:23:06","guid":{"rendered":"https:\/\/isfd43rp-bue.infd.edu.ar\/sitio\/?page_id=990"},"modified":"2026-04-07T17:24:16","modified_gmt":"2026-04-07T20:24:16","slug":"llamados","status":"publish","type":"page","link":"https:\/\/isfdyt242-bue.infd.edu.ar\/sitio\/llamados\/","title":{"rendered":"LLAMADOS"},"content":{"rendered":"\n<p>La Direcci\u00f3n del Instituto Superior de Formaci\u00f3n Docente y T\u00e9cnica N\u00ba 242 de Navarro-,&nbsp;en el marco de la&nbsp;en el marco de la&nbsp;<a rel=\"noreferrer noopener\" href=\"https:\/\/drive.google.com\/file\/d\/1tHe39jG1xppQlCBTmdO7XxA0K-7tRbEe\/view?usp=sharing\" target=\"_blank\"><strong>RESOC-2025-6179-GDEBA-DGCYE<\/strong><\/a>&nbsp; (Pautas para la implementaci\u00f3n de las pruebas de selecci\u00f3n por evaluaci\u00f3n de t\u00edtulos, antecedentes y oposici\u00f3n para la cobertura de cargos del Nivel&nbsp;Superior) y&nbsp;<a rel=\"noreferrer noopener\" href=\"https:\/\/drive.google.com\/file\/d\/1l9euPUBDPr0oD6up4jCRORa5ybfGToP-\/view?usp=sharing\" target=\"_blank\"><strong>Comunicaci\u00f3n Conjunta N\u00b0 83\/25<\/strong><\/a>&nbsp;para DPES-DPES-DFDI-DPET-DESFT-DEAr, &nbsp;<a rel=\"noreferrer noopener\" href=\"https:\/\/drive.google.com\/file\/d\/1Js1znYqpCRjBHz3jTCsOuoQuUYKCN5fT\/view?usp=sharing\" target=\"_blank\"><strong>RESOC-2024-4196-GDEBA-DGCYE<\/strong><\/a>&nbsp;(R\u00e9gimen Acad\u00e9mico Marco Jurisdiccional del Nivel&nbsp;Superior),&nbsp;realiza junto a la SAD del distrito de Navarro la difusi\u00f3n y convocatoria de aspirantes a la&nbsp;cobertura&nbsp;de las siguientes Unidades Curriculares:<\/p>\n\n\n\n<p><strong>-Carrera:&nbsp;<\/strong><strong>TECNICATURA SUPERIOR EN ADMINISTRACI\u00d3N AGROPECUARIA RES 5032\/19<\/strong><\/p>\n\n\n\n<p>\u25cf Espacio Curricular:&nbsp;<strong><a href=\"https:\/\/docs.google.com\/document\/d\/1XgevpgIPoFEMyDjqYgcjIzDgIuQfiXQY\/edit?usp=sharing&amp;ouid=110226638100892858560&amp;rtpof=true&amp;sd=true\" target=\"_blank\" rel=\"noreferrer noopener\">DISE\u00d1O Y EVALUACI\u00d3N DE PROYECTOS<\/a><\/strong><\/p>\n\n\n\n<p><strong>-Carrera:&nbsp;<\/strong><strong>PROFESORADO DE EDUCACI\u00d3N SECUNDARIA EN ECONOM\u00cdA RES 3606\/22<\/strong><\/p>\n\n\n\n<p>\u25cf Espacio Curricular:&nbsp;<strong><a href=\"https:\/\/docs.google.com\/document\/d\/1onjkme7cxiMT5ftPrepvtk8zOSLvh8HA\/edit?usp=sharing&amp;ouid=110226638100892858560&amp;rtpof=true&amp;sd=true\" target=\"_blank\" rel=\"noreferrer noopener\">EOI: MARKETING Y COMERCIALIZACI\u00d3N<\/a><\/strong><\/p>\n\n\n\n<p>\u25cf Espacio Curricular:&nbsp;<strong><a href=\"https:\/\/docs.google.com\/document\/d\/15usBrXQuytLDqhbxbW9TtoTYja3nKuDb\/edit?usp=sharing&amp;ouid=110226638100892858560&amp;rtpof=true&amp;sd=true\" target=\"_blank\" rel=\"noreferrer noopener\">EOI: PROBLEM\u00c1TICAS ECON\u00d3MICAS ACTUALES<\/a><\/strong><\/p>\n\n\n\n<p>\u25cf Espacio Curricular:&nbsp;<strong><a href=\"https:\/\/docs.google.com\/document\/d\/1Ld0bEBg7g4oMnrVnuaEK8liTw44p108C\/edit?usp=sharing&amp;ouid=110226638100892858560&amp;rtpof=true&amp;sd=true\" target=\"_blank\" rel=\"noreferrer noopener\">POL\u00cdTICA ECON\u00d3MICA<\/a><\/strong><\/p>\n\n\n\n<p>\u25cf Espacio Curricular:&nbsp;<strong><a href=\"https:\/\/docs.google.com\/document\/d\/1ti0011ptcsz5ptJ9azKutQUrBqOOxYNX\/edit?usp=sharing&amp;ouid=110226638100892858560&amp;rtpof=true&amp;sd=true\" target=\"_blank\" rel=\"noreferrer noopener\">PR\u00c1CTICA DOCENTE IV (TERRENO)<\/a><\/strong><\/p>\n\n\n\n<p><strong>-Carrera:&nbsp;<\/strong><strong>PROFESORADO DE EDUCACI\u00d3N SECUNDARIA T\u00c9CNICO PROFESIONAL EN PRODUCCI\u00d3N AGROPECUARIA RES 5743\/23<\/strong><\/p>\n\n\n\n<p>\u25cf Espacio Curricular:&nbsp;<strong><a href=\"https:\/\/docs.google.com\/document\/d\/1NTuBvCtaRX3ouAx_xDXyBFKlROM2wy6G\/edit?usp=sharing&amp;ouid=110226638100892858560&amp;rtpof=true&amp;sd=true\" target=\"_blank\" rel=\"noreferrer noopener\">PR\u00c1CTICA DOCENTE II (TALLER)<\/a><\/strong><\/p>\n\n\n\n<p>&nbsp;<strong>Cronograma de Acciones:<\/strong><\/p>\n\n\n\n<ul>\n<li><strong>Difusi\u00f3n:<\/strong>&nbsp;09\/04\/2026 al 13\/04\/2026<\/li>\n\n\n\n<li><strong>Inscripci\u00f3n:<\/strong>&nbsp;09\/04\/26 al 14\/04\/26<\/li>\n\n\n\n<li><strong>Forma de inscripci\u00f3n:<\/strong>&nbsp;a trav\u00e9s del mail institucional&nbsp;<a href=\"mailto:concursosinstituto44@gmail.com\" target=\"_blank\" rel=\"noreferrer noopener\">consultas242navarro@gmail.com<\/a><\/li>\n<\/ul>\n\n\n\n<p>&nbsp;&nbsp;&nbsp;<strong>Documentaci\u00f3n Requerida:<\/strong><\/p>\n\n\n\n<p>\u25cf&nbsp;<a href=\"https:\/\/docs.google.com\/document\/d\/1F8VwuJYp-7FPD-T0BKFwXNYaLxU-cb7v\/edit?usp=sharing&amp;ouid=110226638100892858560&amp;rtpof=true&amp;sd=true\" target=\"_blank\" rel=\"noreferrer noopener\">Formulario 1 (Anexo 9)<\/a>: Planilla de inscripci\u00f3n y Declaraci\u00f3n Jurada.<\/p>\n\n\n\n<p>\u25cf Constituir domicilio real y electr\u00f3nico oficiales para notificaciones.<\/p>\n\n\n\n<p>\u25cf&nbsp;<a href=\"https:\/\/docs.google.com\/document\/d\/1fbw45pI5n6Nl-TFZ3lD6asfBAfjGhp2h\/edit?usp=drive_link&amp;ouid=103506104828101650702&amp;rtpof=true&amp;sd=true\" target=\"_blank\" rel=\"noreferrer noopener\">Formulario 2 (Anexo 9).<\/a><\/p>\n\n\n\n<p>\u25cf&nbsp;<a href=\"http:\/\/servicios.abc.gob.ar\/servaddo\/puntaje.ingreso.docencia\/\" target=\"_blank\" rel=\"noreferrer noopener\">Certificaci\u00f3n del Servicio de Valoraci\u00f3n Docente (oblea)<\/a>&nbsp;correspondiente al Listado 108 A &#8211;&nbsp;Superior&nbsp;y&nbsp;Superior&nbsp;Art\u00edstica vigente. En este caso se exime de presentar la documentaci\u00f3n&nbsp;respaldatoria para la valoraci\u00f3n del Art. 60.<\/p>\n\n\n\n<p>\u25cf Probanzas de t\u00edtulos y antecedentes espec\u00edficos.<\/p>\n\n\n\n<p>La documentaci\u00f3n requerida deber\u00e1 ser presentada en PDF y en el siguiente orden para que puedan merituar sus antecedentes.<\/p>\n\n\n\n<p><strong>A-<\/strong>&nbsp;Anexo 9, Formulario 1, Planilla de Inscripci\u00f3n &#8211; Declaraci\u00f3n Jurada completo con datos y actuaciones personales, recuerde firmar este anexo al pie como lo solicita.<\/p>\n\n\n\n<p><strong>B-<\/strong>&nbsp;Adjunte a continuaci\u00f3n en el mismo archivo y en orden de prioridad: DNI, T\u00edtulos certificantes y luego capacitaciones, cursos, etc. DEBIDAMENTE FOLIADOS. Ya que acreditaran lo mencionado en el anexo, para ser remitidas a la Direcci\u00f3n de Tribunales de Clasificaci\u00f3n. Si Usted ha sido incorporado a los listados emitidos por esta Direcci\u00f3n de Tribunales de Clasificaci\u00f3n (listado 108 A&nbsp;superior) solo deber\u00e1 presentar la oblea correspondiente.<\/p>\n\n\n\n<p>\u00b7&nbsp;&nbsp;&nbsp;&nbsp;&nbsp;&nbsp;&nbsp;<strong>Entrega de la propuesta pedag\u00f3gica<\/strong>: del&nbsp;29\/04\/26 al 03\/05\/26.<\/p>\n\n\n\n<p>Referencias sobre condiciones y procedimientos,&nbsp; a partir de la&nbsp;RESOC-2025-6179-GDEBA-DGCYE<\/p>\n\n\n\n<p><strong><mark style=\"background-color:rgba(0, 0, 0, 0);color:#ed393c\" class=\"has-inline-color\">CONTENIDOS:<\/mark><\/strong><\/p>\n\n\n\n<p class=\"has-medium-font-size\"><strong>Prof. de Educaci\u00f3n Secundaria T\u00e9cnico Profesional en Producci\u00f3n Agropecuaria <\/strong><\/p>\n\n\n\n<p class=\"has-accent-color has-text-color has-medium-font-size\"><strong>ECONOM\u00cdA<\/strong><\/p>\n\n\n\n<p class=\"has-accent-color has-text-color has-medium-font-size\"><strong>ADMINISTRACI\u00d3N AGROPECUARIA<\/strong><\/p>\n\n\n\n<p class=\"has-text-color\" style=\"color:#000000fc\"><strong><mark style=\"background-color:rgba(0, 0, 0, 0);color:#ed393c\" class=\"has-inline-color\">HORARIOS SUJETOS A MODIFICACIONES:<\/mark><\/strong><\/p>\n\n\n\n<figure class=\"wp-block-image size-full is-resized\"><img decoding=\"async\" loading=\"lazy\" src=\"https:\/\/isfdyt242-bue.infd.edu.ar\/sitio\/wp-content\/uploads\/2026\/04\/image.png\" alt=\"\" class=\"wp-image-1441\" width=\"861\" height=\"522\" srcset=\"https:\/\/isfdyt242-bue.infd.edu.ar\/sitio\/wp-content\/uploads\/2026\/04\/image.png 810w, https:\/\/isfdyt242-bue.infd.edu.ar\/sitio\/wp-content\/uploads\/2026\/04\/image-768x466.png 768w\" sizes=\"(max-width: 861px) 100vw, 861px\" \/><\/figure>\n\n\n\n<figure class=\"wp-block-image size-full is-resized\"><img decoding=\"async\" loading=\"lazy\" src=\"https:\/\/isfdyt242-bue.infd.edu.ar\/sitio\/wp-content\/uploads\/2026\/04\/image-1.png\" alt=\"\" class=\"wp-image-1442\" width=\"869\" height=\"485\" srcset=\"https:\/\/isfdyt242-bue.infd.edu.ar\/sitio\/wp-content\/uploads\/2026\/04\/image-1.png 813w, https:\/\/isfdyt242-bue.infd.edu.ar\/sitio\/wp-content\/uploads\/2026\/04\/image-1-768x429.png 768w\" sizes=\"(max-width: 869px) 100vw, 869px\" \/><\/figure>\n\n\n\n<figure class=\"wp-block-image size-full is-resized\"><img decoding=\"async\" loading=\"lazy\" src=\"https:\/\/isfdyt242-bue.infd.edu.ar\/sitio\/wp-content\/uploads\/2026\/04\/image-3.png\" alt=\"\" class=\"wp-image-1444\" width=\"876\" height=\"529\" srcset=\"https:\/\/isfdyt242-bue.infd.edu.ar\/sitio\/wp-content\/uploads\/2026\/04\/image-3.png 826w, https:\/\/isfdyt242-bue.infd.edu.ar\/sitio\/wp-content\/uploads\/2026\/04\/image-3-768x464.png 768w\" sizes=\"(max-width: 876px) 100vw, 876px\" \/><\/figure>\n","protected":false},"excerpt":{"rendered":"<p>La Direcci\u00f3n del Instituto Superior de Formaci\u00f3n Docente y T\u00e9cnica N\u00ba 242 de Navarro-,&nbsp;en el marco de la&nbsp;en el marco de la&nbsp;RESOC-2025-6179-GDEBA-DGCYE&nbsp; (Pautas para la implementaci\u00f3n de las pruebas de selecci\u00f3n por evaluaci\u00f3n de t\u00edtulos, antecedentes y oposici\u00f3n para la cobertura de cargos del Nivel&nbsp;Superior) y&nbsp;Comunicaci\u00f3n Conjunta N\u00b0 83\/25&nbsp;para DPES-DPES-DFDI-DPET-DESFT-DEAr, &nbsp;RESOC-2024-4196-GDEBA-DGCYE&nbsp;(R\u00e9gimen Acad\u00e9mico Marco Jurisdiccional del &#8230; <a title=\"LLAMADOS\" class=\"read-more\" href=\"https:\/\/isfdyt242-bue.infd.edu.ar\/sitio\/llamados\/\" aria-label=\"More on LLAMADOS\">[+]<\/a><\/p>\n","protected":false},"author":12,"featured_media":0,"parent":0,"menu_order":0,"comment_status":"closed","ping_status":"closed","template":"","meta":[],"acf":[],"_links":{"self":[{"href":"https:\/\/isfdyt242-bue.infd.edu.ar\/sitio\/wp-json\/wp\/v2\/pages\/990"}],"collection":[{"href":"https:\/\/isfdyt242-bue.infd.edu.ar\/sitio\/wp-json\/wp\/v2\/pages"}],"about":[{"href":"https:\/\/isfdyt242-bue.infd.edu.ar\/sitio\/wp-json\/wp\/v2\/types\/page"}],"author":[{"embeddable":true,"href":"https:\/\/isfdyt242-bue.infd.edu.ar\/sitio\/wp-json\/wp\/v2\/users\/12"}],"replies":[{"embeddable":true,"href":"https:\/\/isfdyt242-bue.infd.edu.ar\/sitio\/wp-json\/wp\/v2\/comments?post=990"}],"version-history":[{"count":31,"href":"https:\/\/isfdyt242-bue.infd.edu.ar\/sitio\/wp-json\/wp\/v2\/pages\/990\/revisions"}],"predecessor-version":[{"id":1445,"href":"https:\/\/isfdyt242-bue.infd.edu.ar\/sitio\/wp-json\/wp\/v2\/pages\/990\/revisions\/1445"}],"wp:attachment":[{"href":"https:\/\/isfdyt242-bue.infd.edu.ar\/sitio\/wp-json\/wp\/v2\/media?parent=990"}],"curies":[{"name":"wp","href":"https:\/\/api.w.org\/{rel}","templated":true}]}}